{"id":1492,"date":"2022-03-04T03:44:30","date_gmt":"2022-03-04T03:44:30","guid":{"rendered":"https:\/\/scencial.com\/index.php\/services\/"},"modified":"2025-10-22T18:14:54","modified_gmt":"2025-10-22T23:14:54","slug":"services","status":"publish","type":"page","link":"https:\/\/scencial.com\/index.php\/services\/","title":{"rendered":"Servicios"},"content":{"rendered":"\n<div class=\"wp-block-uagb-container uagb-block-a8606d6e alignfull uagb-is-root-container\"><div class=\"uagb-container-inner-blocks-wrap\">\n<div class=\"wp-block-uagb-info-box uagb-block-614c16d2 uagb-infobox__content-wrap  uagb-infobox-icon-above-title uagb-infobox-image-valign-top\"><div class=\"uagb-ifb-content\"><div class=\"uagb-ifb-title-wrap\"><span class=\"uagb-ifb-title-prefix\">Servicios<\/span><h4 class=\"uagb-ifb-title\">Ayudamos a que tu organizaci\u00f3n<\/h4><\/div><p class=\"uagb-ifb-desc\">Implemente y certifique los sistemas de gesti\u00f3n conforme normas ISO.<br>Cumpla la Ley de Seguridad y Salud en el Trabajo en el Per\u00fa<br>Colecte e integre los datos en tiempo real mediante procesos y reportes automatizados.<br>Entienda las variables de su negocio o proyecto en su contexto espacial.<a href=\"https:\/\/scencial.com\/#\"><\/a><\/p><\/div><\/div>\n<\/div><\/div>\n\n\n\n<div class=\"wp-block-uagb-container uagb-block-ebeffa70 alignfull uagb-is-root-container\"><div class=\"uagb-container__shape uagb-container__shape-bottom uagb-container__invert\" data-negative=\"false\"><svg xmlns=\"https:\/\/www.w3.org\/2000\/svg\" viewBox=\"0 0 283.5 27.8\" preserveAspectRatio=\"xMidYMax slice\"><path class=\"uagb-container__shape-fill\" d=\"M0 0v1.4c.6.7 1.1 1.4 1.4 2 2 3.8 2.2 6.6 1.8 10.8-.3 3.3-2.4 9.4 0 12.3 1.7 2 3.7 1.4 4.6-.9 1.4-3.8-.7-8.2-.6-12 .1-3.7 3.2-5.5 6.9-4.9 4 .6 4.8 4 4.9 7.4.1 1.8-1.1 7 0 8.5.6.8 1.6 1.2 2.4.5 1.4-1.1.1-5.4.1-6.9.1-3.7.3-8.6 4.1-10.5 5-2.5 6.2 1.6 5.4 5.6-.4 1.7-1 9.2 2.9 6.3 1.5-1.1.7-3.5.5-4.9-.4-2.4-.4-4.3 1-6.5.9-1.4 2.4-3.1 4.2-3 2.4.1 2.7 2.2 4 3.7 1.5 1.8 1.8 2.2 3 .1 1.1-1.9 1.2-2.8 3.6-3.3 1.3-.3 4.8-1.4 5.9-.5 1.5 1.1.6 2.8.4 4.3-.2 1.1-.6 4 1.8 3.4 1.7-.4-.3-4.1.6-5.6 1.3-2.2 5.8-1.4 7 .5 1.3 2.1.5 5.8.1 8.1s-1.2 5-.6 7.4c1.3 5.1 4.4.9 4.3-2.4-.1-4.4-2-8.8-.5-13 .9-2.4 4.6-6.6 7.7-4.5 2.7 1.8.5 7.8.2 10.3-.2 1.7-.8 4.6.2 6.2.9 1.4 2 1.5 2.6-.3.5-1.5-.9-4.5-1-6.1-.2-1.7-.4-3.7.2-5.4 1.8-5.6 3.5 2.4 6.3.6 1.4-.9 4.3-9.4 6.1-3.1.6 2.2-1.3 7.8.7 8.9 4.2 2.3 1.5-7.1 2.2-8 3.1-4 4.7 3.8 6.1 4.1 3.1.7 2.8-7.9 8.1-4.5 1.7 1.1 2.9 3.3 3.2 5.2.4 2.2-1 4.5-.6 6.6 1 4.3 4.4 1.5 4.4-1.7 0-2.7-3-8.3 1.4-9.1 4.4-.9 7.3 3.5 7.8 6.9.3 2-1.5 10.9 1.3 11.3 4.1.6-3.2-15.7 4.8-15.8 4.7-.1 2.8 4.1 3.9 6.6 1 2.4 2.1 1 2.3-.8.3-1.9-.9-3.2 1.3-4.3 5.9-2.9 5.9 5.4 5.5 8.5-.3 2-1.7 8.4 2 8.1 6.9-.5-2.8-16.9 4.8-18.7 4.7-1.2 6.1 3.6 6.3 7.1.1 1.7-1.2 8.1.6 9.1 3.5 2 1.9-7 2-8.4.2-4 1.2-9.6 6.4-9.8 4.7-.2 3.2 4.6 2.7 7.5-.4 2.2 1.3 8.6 3.8 4.4 1.1-1.9-.3-4.1-.3-6 0-1.7.4-3.2 1.3-4.6 1-1.6 2.9-3.5 5.1-2.9 2.5.6 2.3 4.1 4.1 4.9 1.9.8 1.6-.9 2.3-2.1 1.2-2.1 2.1-2.1 4.4-2.4 1.4-.2 3.6-1.5 4.9-.5 2.3 1.7-.7 4.4.1 6.5.6 1.5 2.1 1.7 2.8.3.7-1.4-1.1-3.4-.3-4.8 1.4-2.5 6.2-1.2 7.2 1 2.3 4.8-3.3 12-.2 16.3 3 4.1 3.9-2.8 3.8-4.8-.4-4.3-2.1-8.9 0-13.1 1.3-2.5 5.9-5.7 7.9-2.4 2 3.2-1.3 9.8-.8 13.4.5 4.4 3.5 3.3 2.7-.8-.4-1.9-2.4-10 .6-11.1 3.7-1.4 2.8 7.2 6.5.4 2.2-4.1 4.9-3.1 5.2 1.2.1 1.5-.6 3.1-.4 4.6.2 1.9 1.8 3.7 3.3 1.3 1-1.6-2.6-10.4 2.9-7.3 2.6 1.5 1.6 6.5 4.8 2.7 1.3-1.5 1.7-3.6 4-3.7 2.2-.1 4 2.3 4.8 4.1 1.3 2.9-1.5 8.4.9 10.3 4.2 3.3 3-5.5 2.7-6.9-.6-3.9 1-7.2 5.5-5 4.1 2.1 4.3 7.7 4.1 11.6 0 .8-.6 9.5 2.5 5.2 1.2-1.7-.1-7.7.1-9.6.3-2.9 1.2-5.5 4.3-6.2 4.5-1 7.7 1.5 7.4 5.8-.2 3.5-1.8 7.7-.5 11.1 1 2.7 3.6 2.8 5 .2 1.6-3.1 0-8.3-.4-11.6-.4-4.2-.2-7 1.8-10.8 0 0-.1.1-.1.2-.2.4-.3.7-.4.8v.1c-.1.2-.1.2 0 0v-.1l.4-.8c0-.1.1-.1.1-.2.2-.4.5-.8.8-1.2V0H0zM282.7 3.4z\"><\/path><\/svg><\/div><div class=\"uagb-container-inner-blocks-wrap\">\n<div class=\"wp-block-uagb-advanced-heading uagb-block-351c22b1\"><h2 class=\"uagb-heading-text\">Detalle de servicios<\/h2><\/div>\n\n\n\n<div class=\"wp-block-uagb-container uagb-block-a85bf556\">\n<div class=\"wp-block-uagb-container uagb-block-0751e713\">\n<div class=\"wp-block-uagb-info-box uagb-block-d0505e23 uagb-infobox__content-wrap  uagb-infobox-icon-above-title uagb-infobox-image-valign-top\"><div class=\"uagb-ifb-content\"><div class=\"uagb-ifb-icon-wrap\"><svg xmlns=\"https:\/\/www.w3.org\/2000\/svg\" viewBox=\"0 0 512 512\"><path d=\"M490.3 40.4C512.2 62.27 512.2 97.73 490.3 119.6L460.3 149.7L362.3 51.72L392.4 21.66C414.3-.2135 449.7-.2135 471.6 21.66L490.3 40.4zM172.4 241.7L339.7 74.34L437.7 172.3L270.3 339.6C264.2 345.8 256.7 350.4 248.4 353.2L159.6 382.8C150.1 385.6 141.5 383.4 135 376.1C128.6 370.5 126.4 361 129.2 352.4L158.8 263.6C161.6 255.3 166.2 247.8 172.4 241.7V241.7zM192 63.1C209.7 63.1 224 78.33 224 95.1C224 113.7 209.7 127.1 192 127.1H96C78.33 127.1 64 142.3 64 159.1V416C64 433.7 78.33 448 96 448H352C369.7 448 384 433.7 384 416V319.1C384 302.3 398.3 287.1 416 287.1C433.7 287.1 448 302.3 448 319.1V416C448 469 405 512 352 512H96C42.98 512 0 469 0 416V159.1C0 106.1 42.98 63.1 96 63.1H192z\"><\/path><\/svg><\/div><div class=\"uagb-ifb-title-wrap\"><h4 class=\"uagb-ifb-title\"><strong><strong>Consultor\u00eda de Normas ISO<\/strong>\u200b<\/strong><\/h4><\/div><p class=\"uagb-ifb-desc\">Ayudamos a implementar los requisitos de las normas internacionales ISO, y a obtener la certificaci\u00f3n. Optimiza y mejora el desempe\u00f1o de tu organizaci\u00f3n con nuestra consultor\u00eda en Sistemas de Gesti\u00f3n:\u200b<\/p><\/div><\/div>\n\n\n\n<ul class=\"wp-block-list\">\n<li><strong>ISO 9001:<\/strong>&nbsp;Calidad<\/li>\n\n\n\n<li><strong>ISO 45001:<\/strong>&nbsp;Seguridad y Salud en el Trabajo<\/li>\n\n\n\n<li><strong>ISO 14001<\/strong>: Medio Ambiente<\/li>\n\n\n\n<li><strong>ISO 37001:<\/strong>&nbsp;Anti soborno<\/li>\n\n\n\n<li><strong>ISO 27001:<\/strong>&nbsp;Seguridad de la Informaci\u00f3n<\/li>\n\n\n\n<li><strong>ISO 22000:<\/strong>&nbsp;Inocuidad Alimentaria<\/li>\n<\/ul>\n<\/div>\n\n\n\n<div class=\"wp-block-uagb-container uagb-block-ab0afac0\">\n<div class=\"wp-block-uagb-info-box uagb-block-71635d1f uagb-infobox__content-wrap  uagb-infobox-icon-above-title uagb-infobox-image-valign-top\"><div class=\"uagb-ifb-content\"><div class=\"uagb-ifb-icon-wrap\"><svg xmlns=\"https:\/\/www.w3.org\/2000\/svg\" viewBox=\"0 0 576 512\"><path d=\"M544 280.9c0-89.17-61.83-165.4-139.6-197.4L352 174.2V49.78C352 39.91 344.1 32 334.2 32H241.8C231.9 32 224 39.91 224 49.78v124.4L171.6 83.53C93.83 115.5 32 191.7 32 280.9L31.99 352h512L544 280.9zM574.7 393.7C572.2 387.8 566.4 384 560 384h-544c-6.375 0-12.16 3.812-14.69 9.656c-2.531 5.875-1.344 12.69 3.062 17.34C7.031 413.8 72.02 480 287.1 480s280.1-66.19 283.6-69C576 406.3 577.2 399.5 574.7 393.7z\"><\/path><\/svg><\/div><div class=\"uagb-ifb-title-wrap\"><h4 class=\"uagb-ifb-title\"><strong><strong><strong>Asesor\u00eda y Capacitaci\u00f3n en Ley 29783<\/strong><\/strong><\/strong><\/h4><\/div><p class=\"uagb-ifb-desc\">Asesoramos para que puedas cumplir con la Ley de Seguridad y Salud en el Trabajo en el Per\u00fa, y evitar sanciones o el cierre de tu centro laboral.<\/p><\/div><\/div>\n\n\n\n<ul class=\"wp-block-list\">\n<li>Implementa un Sistema de Gesti\u00f3n de SST conforme la Ley 29783.<\/li>\n\n\n\n<li>Prev\u00e9n accidentes y enfermedades laborales al controlar los riesgos.<\/li>\n\n\n\n<li>Mejora competencia y la motivaci\u00f3n de tus trabajadores, mediante capacitaciones y campa\u00f1as.<\/li>\n\n\n\n<li>Cumple la legislaci\u00f3n laboral y los compromisos sociales.<\/li>\n<\/ul>\n<\/div>\n\n\n\n<div class=\"wp-block-uagb-container uagb-block-0bfd07ac\">\n<div class=\"wp-block-uagb-info-box uagb-block-06bf2df8 uagb-infobox__content-wrap  uagb-infobox-icon-above-title uagb-infobox-image-valign-top\"><div class=\"uagb-ifb-content\"><div class=\"uagb-ifb-icon-wrap\"><svg xmlns=\"https:\/\/www.w3.org\/2000\/svg\" viewBox=\"0 0 448 512\"><path d=\"M352 128C352 198.7 294.7 256 223.1 256C153.3 256 95.1 198.7 95.1 128C95.1 57.31 153.3 0 223.1 0C294.7 0 352 57.31 352 128zM287.1 362C260.4 369.1 239.1 394.2 239.1 424V448C239.1 452.2 241.7 456.3 244.7 459.3L260.7 475.3C266.9 481.6 277.1 481.6 283.3 475.3C289.6 469.1 289.6 458.9 283.3 452.7L271.1 441.4V424C271.1 406.3 286.3 392 303.1 392C321.7 392 336 406.3 336 424V441.4L324.7 452.7C318.4 458.9 318.4 469.1 324.7 475.3C330.9 481.6 341.1 481.6 347.3 475.3L363.3 459.3C366.3 456.3 368 452.2 368 448V424C368 394.2 347.6 369.1 320 362V308.8C393.5 326.7 448 392.1 448 472V480C448 497.7 433.7 512 416 512H32C14.33 512 0 497.7 0 480V472C0 393 54.53 326.7 128 308.8V370.3C104.9 377.2 88 398.6 88 424C88 454.9 113.1 480 144 480C174.9 480 200 454.9 200 424C200 398.6 183.1 377.2 160 370.3V304.2C162.7 304.1 165.3 304 168 304H280C282.7 304 285.3 304.1 288 304.2L287.1 362zM167.1 424C167.1 437.3 157.3 448 143.1 448C130.7 448 119.1 437.3 119.1 424C119.1 410.7 130.7 400 143.1 400C157.3 400 167.1 410.7 167.1 424z\"><\/path><\/svg><\/div><div class=\"uagb-ifb-title-wrap\"><h4 class=\"uagb-ifb-title\">Servicio de Seguridad y Salud en el Trabajo\u200b\u200b<\/h4><\/div><p class=\"uagb-ifb-desc\">Designamos un Coordinador de SST, Prevencionista de riesgos y\/o M\u00e9dico ocupacional; acorde a tu necesidad para:<\/p><\/div><\/div>\n\n\n\n<ul class=\"wp-block-list\">\n<li>Dise\u00f1ar y ejecutar planes y programas de SST.<\/li>\n\n\n\n<li>Hacer cumplir las normas y procedimientos internos de SST.<\/li>\n\n\n\n<li>Realizar capacitaciones, inspecciones y campa\u00f1as.<\/li>\n\n\n\n<li>Gestionar ex\u00e1menes m\u00e9dicos, y monitoreo de agentes ocupacionales.<\/li>\n\n\n\n<li>Gestionar los incidentes, accidentes y las enfermedades laborales.<\/li>\n<\/ul>\n<\/div>\n<\/div>\n\n\n\n<div class=\"wp-block-uagb-container uagb-block-fd67aa82\">\n<div class=\"wp-block-uagb-container ocultar-bloque uagb-block-7d7e96cf\">\n<div class=\"wp-block-uagb-info-box uagb-block-38d90ddf uagb-infobox__content-wrap  uagb-infobox-icon-above-title uagb-infobox-image-valign-top\"><div class=\"uagb-ifb-content\"><div class=\"uagb-ifb-icon-wrap\"><svg xmlns=\"https:\/\/www.w3.org\/2000\/svg\" viewBox=\"0 0 512 512\"><path d=\"M470.7 9.441C473.7 12.49 476 16 477.6 19.75C479.1 23.5 479.1 27.6 480 31.9V32V128C480 145.7 465.7 160 448 160C430.3 160 416 145.7 416 128V109.3L310.6 214.6C298.8 226.5 279.9 227.2 267.2 216.3L175.1 138.1L84.82 216.3C71.41 227.8 51.2 226.2 39.7 212.8C28.2 199.4 29.76 179.2 43.17 167.7L155.2 71.7C167.2 61.43 184.8 61.43 196.8 71.7L286.3 148.4L370.7 64H352C334.3 64 320 49.67 320 32C320 14.33 334.3 0 352 0H447.1C456.8 0 464.8 3.554 470.6 9.305L470.7 9.441zM0 304C0 277.5 21.49 256 48 256H464C490.5 256 512 277.5 512 304V464C512 490.5 490.5 512 464 512H48C21.49 512 0 490.5 0 464V304zM48 464H96C96 437.5 74.51 416 48 416V464zM48 304V352C74.51 352 96 330.5 96 304H48zM464 416C437.5 416 416 437.5 416 464H464V416zM416 304C416 330.5 437.5 352 464 352V304H416zM256 320C220.7 320 192 348.7 192 384C192 419.3 220.7 448 256 448C291.3 448 320 419.3 320 384C320 348.7 291.3 320 256 320z\"><\/path><\/svg><\/div><div class=\"uagb-ifb-title-wrap\"><h4 class=\"uagb-ifb-title\"><strong><strong><strong>Business Intelligence<\/strong>-BI<\/strong><\/strong><\/h4><\/div><p class=\"uagb-ifb-desc\">Agrega inteligencia a tus procesos y automatiza tus reportes. Se m\u00e1s eficiente, e invierte menos horas hombre en procesos manuales.<\/p><\/div><\/div>\n\n\n\n<ul class=\"wp-block-list\">\n<li>Colecta informaci\u00f3n en campo.<\/li>\n\n\n\n<li>Conecta y centraliza tus fuentes de datos.<\/li>\n\n\n\n<li>Automatiza tus reportes KPI.<\/li>\n\n\n\n<li>Toma decisiones con informaci\u00f3n en tiempo real.<\/li>\n\n\n\n<li>Identifica tendencias y dise\u00f1a estrategias.<\/li>\n<\/ul>\n<\/div>\n\n\n\n<div class=\"wp-block-uagb-container uagb-block-89b5033f\">\n<div class=\"wp-block-uagb-info-box uagb-block-990bfb63 uagb-infobox__content-wrap  uagb-infobox-icon-above-title uagb-infobox-image-valign-top\"><div class=\"uagb-ifb-content\"><div class=\"uagb-ifb-icon-wrap\"><svg xmlns=\"https:\/\/www.w3.org\/2000\/svg\" viewBox=\"0 0 576 512\"><path d=\"M408 120C408 174.6 334.9 271.9 302.8 311.1C295.1 321.6 280.9 321.6 273.2 311.1C241.1 271.9 168 174.6 168 120C168 53.73 221.7 0 288 0C354.3 0 408 53.73 408 120zM288 152C310.1 152 328 134.1 328 112C328 89.91 310.1 72 288 72C265.9 72 248 89.91 248 112C248 134.1 265.9 152 288 152zM425.6 179.8C426.1 178.6 426.6 177.4 427.1 176.1L543.1 129.7C558.9 123.4 576 135 576 152V422.8C576 432.6 570 441.4 560.9 445.1L416 503V200.4C419.5 193.5 422.7 186.7 425.6 179.8zM150.4 179.8C153.3 186.7 156.5 193.5 160 200.4V451.8L32.91 502.7C17.15 508.1 0 497.4 0 480.4V209.6C0 199.8 5.975 190.1 15.09 187.3L137.6 138.3C140 152.5 144.9 166.6 150.4 179.8H150.4zM327.8 331.1C341.7 314.6 363.5 286.3 384 255V504.3L192 449.4V255C212.5 286.3 234.3 314.6 248.2 331.1C268.7 357.6 307.3 357.6 327.8 331.1L327.8 331.1z\"><\/path><\/svg><\/div><div class=\"uagb-ifb-title-wrap\"><h4 class=\"uagb-ifb-title\"><strong><strong><strong>An\u00e1lisis Espacial\u200b<\/strong>\u200b<\/strong><\/strong><\/h4><\/div><p class=\"uagb-ifb-desc\">Logra entender las variables y fen\u00f3menos de tu proyecto mediante mapas.<br>Modelamos e integramos diferentes datos y su ubicaci\u00f3n geogr\u00e1fica, para aplicarla a diversos campos de tu negocio:<\/p><\/div><\/div>\n\n\n\n<ul class=\"wp-block-list\">\n<li>Geomarketing<\/li>\n\n\n\n<li>Mapas tem\u00e1ticos<\/li>\n\n\n\n<li>Agricultura de precisi\u00f3n<\/li>\n\n\n\n<li>Planificaci\u00f3n urbana y territorial<\/li>\n\n\n\n<li>Gesti\u00f3n de riesgos y desastres<\/li>\n<\/ul>\n<\/div>\n<\/div>\n<\/div><\/div>\n\n\n\n<div class=\"wp-block-uagb-container uagb-block-38e74e87 alignwide uagb-is-root-container\">\n<div class=\"wp-block-uagb-advanced-heading uagb-block-dfae4bf6\"><h3 class=\"uagb-heading-text\">\u00abLas empresas son tan potentes, como su cultura\u00bb\u200b<\/h3><p class=\"uagb-desc-text\">Consideramos que el cambio en los procesos de una organizaci\u00f3n o negocio, la hacen su talento humano y un liderazgo claro.<\/p><\/div>\n\n\n\n<div class=\"wp-block-uagb-info-box uagb-block-77877020 uagb-infobox__content-wrap  uagb-infobox-icon-above-title uagb-infobox-image-valign-top\"><div class=\"uagb-ifb-content\"><div class=\"uagb-ifb-image-content\"><img loading=\"lazy\" decoding=\"async\" src=\"https:\/\/scencial.com\/wp-content\/uploads\/2024\/01\/Foto2-150x150.jpg\" alt=\"\" width=\"60\" height=\"60\" loading=\"lazy\"\/><\/div><div class=\"uagb-ifb-title-wrap\"><h3 class=\"uagb-ifb-title\"><strong>Risof Quintana<\/strong><\/h3><\/div><p class=\"uagb-ifb-desc\">CEO<\/p><\/div><\/div>\n<\/div>\n\n\n\n<div class=\"wp-block-uagb-container uagb-block-13f5591c alignfull uagb-is-root-container\"><div class=\"uagb-container-inner-blocks-wrap\">\n<div class=\"wp-block-uagb-container uagb-block-dea1c38a\">\n<div class=\"wp-block-uagb-container uagb-block-e63ed10b\">\n<div class=\"wp-block-uagb-advanced-heading uagb-block-4dec9dd2\"><h3 class=\"uagb-heading-text\">\u00bfQuieres iniciar un proyecto con nosotros?\u200b<\/h3><p class=\"uagb-desc-text\">Cont\u00e1ctanos mediante una llamada o por WhatsApp.<\/p><\/div>\n<\/div>\n\n\n\n<div class=\"wp-block-uagb-container uagb-block-70ee6c1b\">\n<div class=\"wp-block-uagb-buttons uagb-buttons__outer-wrap uagb-btn__default-btn uagb-btn-tablet__default-btn uagb-btn-mobile__default-btn uagb-block-1f71f8a9\"><div class=\"uagb-buttons__wrap uagb-buttons-layout-wrap\">\n<div class=\"wp-block-uagb-buttons-child uagb-buttons__outer-wrap uagb-block-3f6d5707 wp-block-button\"><div class=\"uagb-button__wrapper\"><a class=\"uagb-buttons-repeater wp-block-button__link\" href=\"https:\/\/api.whatsapp.com\/send?phone=51989536747\" onclick=\"return true;\" rel=\"follow noopener\" target=\"_blank\"><div class=\"uagb-button__link\">(51) 993 514 298<\/div><\/a><\/div><\/div>\n<\/div><\/div>\n<\/div>\n<\/div>\n<\/div><\/div>\n","protected":false},"excerpt":{"rendered":"<p>Detalle de servicios \u00abLas empresas son tan potentes, como su cultura\u00bb\u200b Consideramos que el cambio en los procesos de una organizaci\u00f3n o negocio, la hacen su talento humano y un liderazgo claro. \u00bfQuieres iniciar un proyecto con nosotros?\u200b Cont\u00e1ctanos mediante una llamada o por WhatsApp.<\/p>\n","protected":false},"author":1,"featured_media":0,"parent":0,"menu_order":0,"comment_status":"closed","ping_status":"closed","template":"","meta":{"_uag_custom_page_level_css":"","site-sidebar-layout":"no-sidebar","site-content-layout":"page-builder","ast-site-content-layout":"full-width-container","site-content-style":"unboxed","site-sidebar-style":"unboxed","ast-global-header-display":"","ast-banner-title-visibility":"","ast-main-header-display":"","ast-hfb-above-header-display":"","ast-hfb-below-header-display":"","ast-hfb-mobile-header-display":"","site-post-title":"disabled","ast-breadcrumbs-content":"","ast-featured-img":"disabled","footer-sml-layout":"","theme-transparent-header-meta":"disabled","adv-header-id-meta":"","stick-header-meta":"","header-above-stick-meta":"","header-main-stick-meta":"","header-below-stick-meta":"","astra-migrate-meta-layouts":"set","ast-page-background-enabled":"default","ast-page-background-meta":{"desktop":{"background-color":"var(--ast-global-color-4)","background-image":"","background-repeat":"repeat","background-position":"center center","background-size":"auto","background-attachment":"scroll","background-type":"","background-media":"","overlay-type":"","overlay-color":"","overlay-gradient":""},"tablet":{"background-color":"","background-image":"","background-repeat":"repeat","background-position":"center center","background-size":"auto","background-attachment":"scroll","background-type":"","background-media":"","overlay-type":"","overlay-color":"","overlay-gradient":""},"mobile":{"background-color":"","background-image":"","background-repeat":"repeat","background-position":"center center","background-size":"auto","background-attachment":"scroll","background-type":"","background-media":"","overlay-type":"","overlay-color":"","overlay-gradient":""}},"ast-content-background-meta":{"desktop":{"background-color":"var(--ast-global-color-5)","background-image":"","background-repeat":"repeat","background-position":"center center","background-size":"auto","background-attachment":"scroll","background-type":"","background-media":"","overlay-type":"","overlay-color":"","overlay-gradient":""},"tablet":{"background-color":"var(--ast-global-color-5)","background-image":"","background-repeat":"repeat","background-position":"center center","background-size":"auto","background-attachment":"scroll","background-type":"","background-media":"","overlay-type":"","overlay-color":"","overlay-gradient":""},"mobile":{"background-color":"var(--ast-global-color-5)","background-image":"","background-repeat":"repeat","background-position":"center center","background-size":"auto","background-attachment":"scroll","background-type":"","background-media":"","overlay-type":"","overlay-color":"","overlay-gradient":""}},"footnotes":""},"class_list":["post-1492","page","type-page","status-publish","hentry"],"uagb_featured_image_src":{"full":false,"thumbnail":false,"medium":false,"medium_large":false,"large":false,"1536x1536":false,"2048x2048":false},"uagb_author_info":{"display_name":"ScencialAdmin","author_link":"https:\/\/scencial.com\/index.php\/author\/scencialadmin\/"},"uagb_comment_info":0,"uagb_excerpt":"Detalle de servicios \u00abLas empresas son tan potentes, como su cultura\u00bb\u200b Consideramos que el cambio en los procesos de una organizaci\u00f3n o negocio, la hacen su talento humano y un liderazgo claro. \u00bfQuieres iniciar un proyecto con nosotros?\u200b Cont\u00e1ctanos mediante una llamada o por WhatsApp.","_links":{"self":[{"href":"https:\/\/scencial.com\/index.php\/wp-json\/wp\/v2\/pages\/1492","targetHints":{"allow":["GET"]}}],"collection":[{"href":"https:\/\/scencial.com\/index.php\/wp-json\/wp\/v2\/pages"}],"about":[{"href":"https:\/\/scencial.com\/index.php\/wp-json\/wp\/v2\/types\/page"}],"author":[{"embeddable":true,"href":"https:\/\/scencial.com\/index.php\/wp-json\/wp\/v2\/users\/1"}],"replies":[{"embeddable":true,"href":"https:\/\/scencial.com\/index.php\/wp-json\/wp\/v2\/comments?post=1492"}],"version-history":[{"count":14,"href":"https:\/\/scencial.com\/index.php\/wp-json\/wp\/v2\/pages\/1492\/revisions"}],"predecessor-version":[{"id":2663,"href":"https:\/\/scencial.com\/index.php\/wp-json\/wp\/v2\/pages\/1492\/revisions\/2663"}],"wp:attachment":[{"href":"https:\/\/scencial.com\/index.php\/wp-json\/wp\/v2\/media?parent=1492"}],"curies":[{"name":"wp","href":"https:\/\/api.w.org\/{rel}","templated":true}]}}